{"id":46,"date":"2023-09-17T11:12:35","date_gmt":"2023-09-17T11:12:35","guid":{"rendered":"https:\/\/waldgarten-britz.de\/home\/?page_id=46"},"modified":"2023-09-17T16:46:27","modified_gmt":"2023-09-17T16:46:27","slug":"waldgarten","status":"publish","type":"page","link":"https:\/\/waldgarten-britz.de\/home\/waldgarten\/","title":{"rendered":"Was ist ein urbaner Waldgarten?"},"content":{"rendered":"\n<h4 class=\"wp-block-heading\" id=\"h-grundlegendes-konzept\"><strong>Grundlegendes Konzept<\/strong><\/h4>\n\n\n\n<p>Ein urbaner Waldgarten ist ein nachhaltiges Pflanzsystem, das aus mehreren Schichten von \u00fcberwiegend essbaren Pflanzen besteht, darunter Obst- und Nussb\u00e4ume, Beerenstr\u00e4ucher, Gem\u00fcse und Kr\u00e4uter. Diese Komponenten bilden einen robusten und dauerhaften Vegetationsbestand, der nach \u00f6kologischen Prinzipien verwaltet wird. Der Waldgarten zeichnet sich durch seine klimaangepasste Struktur und hohe Artenvielfalt aus, die ihm eine hohe Resilienz gegen\u00fcber klimatischen Extremen und Sch\u00e4dlingsbefall verleiht. Dar\u00fcber hinaus tr\u00e4gt das Konzept des Waldgartens zur Verbesserung und Erhaltung der Bodenfruchtbarkeit bei.<\/p>\n\n\n\n<h4 class=\"wp-block-heading\" id=\"h-okologische-und-biologische-funktion\"><strong>\u00d6kologische und biologische Funktion<\/strong><\/h4>\n\n\n\n<p>Urbane Waldg\u00e4rten erf\u00fcllen mehrere wichtige \u00f6kologische Funktionen. Die Vielfalt ihrer pflanzlichen Arten, die oft zwischen 100 und 200 reicht, schafft eine F\u00fclle r\u00e4umlicher Strukturen, die vielf\u00e4ltige Lebensr\u00e4ume f\u00fcr eine Reihe von Tierarten bieten. Auf diese Weise tragen sie wesentlich zur Verbesserung der st\u00e4dtischen Biodiversit\u00e4t bei. Zudem verbessern Waldg\u00e4rten das Stadtklima durch ihre mehrschichtige Vegetation, die sowohl den lokalen Wasserr\u00fcckhalt als auch die Wasserverdunstung f\u00f6rdert, wodurch die Umgebung gek\u00fchlt wird. Der nachhaltige Umgang mit Ressourcen innerhalb des Waldgartens, wie die Verwendung von Bl\u00e4ttern und \u00c4sten als Mulchmaterial, sch\u00fctzt und erh\u00e4lt die Bodenfunktionen.<\/p>\n\n\n\n<h4 class=\"wp-block-heading\" id=\"h-soziale-funktion\"><strong>Soziale Funktion<\/strong><\/h4>\n\n\n\n<p>Urbane Waldg\u00e4rten spielen auch eine wichtige soziale Rolle. Sie bieten M\u00f6glichkeiten f\u00fcr gemeinschaftliches G\u00e4rtnern und f\u00f6rdern somit den Aufbau dauerhafter sozialer Strukturen und die Einbindung der st\u00e4dtischen Gemeinschaft in umweltfreundliche Praktiken. Sie dienen zudem als Plattformen f\u00fcr Umweltbildung, indem sie die Vielfalt nutzbarer Pflanzenarten demonstrieren und traditionelle, aber heute weniger bekannte Lebensmittel, wie bestimmte Beerenstr\u00e4ucher, zug\u00e4nglich machen. Dar\u00fcber hinaus bieten Waldg\u00e4rten durch ihre mehrschichtige Struktur und die Verwendung von mehrj\u00e4hrigen Pflanzen ein hohes Produktionspotenzial und k\u00f6nnen somit einen wesentlichen Beitrag zur Nahrungsmittelversorgung in st\u00e4dtischen Gebieten leisten.<\/p>\n\n\n\n<div class=\"wp-block-columns is-layout-flex wp-container-core-columns-is-layout-28f84493 wp-block-columns-is-layout-flex\">\n<div class=\"wp-block-column is-layout-flow wp-block-column-is-layout-flow\" style=\"flex-basis:100%\">\n<div class=\"wp-block-group is-layout-constrained wp-block-group-is-layout-constrained\">\n<div style=\"height:51px\" aria-hidden=\"true\" class=\"wp-block-spacer\"><\/div>\n\n\n\n<div class=\"wp-block-columns is-layout-flex wp-container-core-columns-is-layout-28f84493 wp-block-columns-is-layout-flex\">\n<div class=\"wp-block-column is-layout-flow wp-block-column-is-layout-flow\"><\/div>\n\n\n\n<div class=\"wp-block-column is-layout-flow wp-block-column-is-layout-flow\"><\/div>\n<\/div>\n<\/div>\n<\/div>\n<\/div>\n","protected":false},"excerpt":{"rendered":"<p>Grundlegendes Konzept Ein urbaner Waldgarten ist ein nachhaltiges Pflanzsystem, das aus mehreren Schichten von \u00fcberwiegend essbaren Pflanzen besteht, darunter Obst- und Nussb\u00e4ume, Beerenstr\u00e4ucher, Gem\u00fcse und Kr\u00e4uter. Diese Komponenten bilden einen robusten und dauerhaften Vegetationsbestand, der nach \u00f6kologischen Prinzipien verwaltet wird. Der Waldgarten zeichnet sich durch seine klimaangepasste Struktur und hohe Artenvielfalt aus, die ihm eine [&hellip;]<\/p>\n","protected":false},"author":1,"featured_media":0,"parent":0,"menu_order":0,"comment_status":"closed","ping_status":"closed","template":"","meta":{"_acf_changed":false,"footnotes":""},"class_list":["post-46","page","type-page","status-publish","hentry"],"acf":[],"_links":{"self":[{"href":"https:\/\/waldgarten-britz.de\/home\/wp-json\/wp\/v2\/pages\/46","targetHints":{"allow":["GET"]}}],"collection":[{"href":"https:\/\/waldgarten-britz.de\/home\/wp-json\/wp\/v2\/pages"}],"about":[{"href":"https:\/\/waldgarten-britz.de\/home\/wp-json\/wp\/v2\/types\/page"}],"author":[{"embeddable":true,"href":"https:\/\/waldgarten-britz.de\/home\/wp-json\/wp\/v2\/users\/1"}],"replies":[{"embeddable":true,"href":"https:\/\/waldgarten-britz.de\/home\/wp-json\/wp\/v2\/comments?post=46"}],"version-history":[{"count":3,"href":"https:\/\/waldgarten-britz.de\/home\/wp-json\/wp\/v2\/pages\/46\/revisions"}],"predecessor-version":[{"id":110,"href":"https:\/\/waldgarten-britz.de\/home\/wp-json\/wp\/v2\/pages\/46\/revisions\/110"}],"wp:attachment":[{"href":"https:\/\/waldgarten-britz.de\/home\/wp-json\/wp\/v2\/media?parent=46"}],"curies":[{"name":"wp","href":"https:\/\/api.w.org\/{rel}","templated":true}]}}