{"id":52,"date":"2023-09-17T11:21:02","date_gmt":"2023-09-17T11:21:02","guid":{"rendered":"https:\/\/waldgarten-britz.de\/home\/?page_id=52"},"modified":"2025-05-26T16:47:49","modified_gmt":"2025-05-26T14:47:49","slug":"das-projekt","status":"publish","type":"page","link":"https:\/\/waldgarten-britz.de\/home\/das-projekt\/","title":{"rendered":"Das Projekt"},"content":{"rendered":"\n<div class=\"wp-block-columns is-layout-flex wp-container-core-columns-is-layout-28f84493 wp-block-columns-is-layout-flex\">\n<div class=\"wp-block-column is-layout-flow wp-container-core-column-is-layout-7d970105 wp-block-column-is-layout-flow\" style=\"padding-top:var(--wp--preset--spacing--30);padding-bottom:var(--wp--preset--spacing--30);flex-basis:90%\">\n<figure class=\"wp-block-image size-large has-custom-border is-style-rounded\"><img loading=\"lazy\" decoding=\"async\" width=\"1024\" height=\"211\" src=\"https:\/\/waldgarten-britz.de\/home\/wp-content\/uploads\/2024\/02\/LOGO_UrbaneWaldgaerten-1024x211.jpg\" alt=\"\" class=\"has-border-color has-raft-fg-alt-border-color wp-image-388\" style=\"border-width:60px;border-radius:0px\" srcset=\"https:\/\/waldgarten-britz.de\/home\/wp-content\/uploads\/2024\/02\/LOGO_UrbaneWaldgaerten-1024x211.jpg 1024w, https:\/\/waldgarten-britz.de\/home\/wp-content\/uploads\/2024\/02\/LOGO_UrbaneWaldgaerten-300x62.jpg 300w, https:\/\/waldgarten-britz.de\/home\/wp-content\/uploads\/2024\/02\/LOGO_UrbaneWaldgaerten-768x158.jpg 768w, https:\/\/waldgarten-britz.de\/home\/wp-content\/uploads\/2024\/02\/LOGO_UrbaneWaldgaerten-1536x316.jpg 1536w, https:\/\/waldgarten-britz.de\/home\/wp-content\/uploads\/2024\/02\/LOGO_UrbaneWaldgaerten-2048x422.jpg 2048w\" sizes=\"auto, (max-width: 1024px) 100vw, 1024px\" \/><\/figure>\n<\/div>\n<\/div>\n\n\n\n<h4 class=\"wp-block-heading\" id=\"h-ziele-und-prinzipien\"><strong>Ziele und Prinzipien<\/strong><\/h4>\n\n\n\n<p>Das Projekt hat das Ziel, eine innovative Kleingartenanlage mit einem Gemeinschaftsgarten und privaten Parzellen zu entwickeln. Das Leitbild dabei ist das Prinzip des Waldgartens. Es sollen \u00f6kologische Funktionen wie Bodenschutz, Klimaregulierung und Biodiversit\u00e4t mit sozialen Funktionen wie Umweltbildung, Erholung, Lebensmittelproduktion und Begegnung vereint werden. Dabei ist ein wesentliches Anliegen, neue Gemeinschaften und Beziehungen zwischen Menschen, aber auch zwischen Menschen und Natur zu schaffen.<\/p>\n\n\n\n<p>Beim G\u00e4rtnern nach dem Waldgarten-Prinzip stehen folgende Punkte im Fokus:<\/p>\n\n\n\n<ul class=\"wp-block-list\">\n<li>Dauerhafter Bewuchs durch mehrj\u00e4hrige Pflanzen in mehreren Schichten<\/li>\n\n\n\n<li>Hoher Anteil an Geh\u00f6lzen<\/li>\n\n\n\n<li>Essbare Pflanzen als Nahrung f\u00fcr Menschen und Tiere<\/li>\n\n\n\n<li>Obstb\u00e4ume, Beerenstr\u00e4ucher, Wildobst, essbare Stauden und Kr\u00e4uter<\/li>\n\n\n\n<li>Schutz des Bodens<\/li>\n\n\n\n<li>Positiver Beitrag zum Klima<\/li>\n\n\n\n<li>Umweltbildung<\/li>\n\n\n\n<li>Gro\u00dfe Vielfalt an Pflanzen und Tieren<\/li>\n\n\n\n<li>Gemeinschaftliches, \u00f6kologisches G\u00e4rtnern<\/li>\n<\/ul>\n\n\n\n<h4 class=\"wp-block-heading\" id=\"h-projekttrager-und-beteiligte\"><strong>Projekttr\u00e4ger und Beteiligte<\/strong><\/h4>\n\n\n\n<p>Das Projekt<strong>\u00a0\u201eUrbane Waldg\u00e4rten: Mehrj\u00e4hrig, mehrschichtig, multifunktional\u201c\u00a0<\/strong>wird gef\u00f6rdert im Bundesprogramm Biologische Vielfalt durch das Bundesamt f\u00fcr Naturschutz mit Mitteln des Bundesministeriums f\u00fcr Umwelt, Naturschutz, nukleare Sicherheit und Verbraucherschutz\u00a0sowie durch die Senatsverwaltung f\u00fcr Mobilit\u00e4t, Verkehr, Klimaschutz und Umwelt des Landes Berlin.<\/p>\n\n\n\n<p>Jennifer Schulz vom Institut f\u00fcr Umweltwissenschaften und Geographie der Universit\u00e4t Potsdam koordiniert das Projekt und begleitet den Waldgarten wissenschaftlich mit Unterst\u00fctzung von Lea Matscheroth, Mercedes Schroeder und Luca Durstewitz. Tr\u00e4ger und Bauherr der Anlage ist der Bezirksverband Berlin-S\u00fcden der Kleing\u00e4rtner e.V. mit Stefan Meier in der Projektleitung und Kimberley M\u00fcller f\u00fcr die g\u00e4rtnerische Beratung und Gruppenbetreuung. Die Koordination der Umweltbildung liegt in den H\u00e4nden von Julia Viebranz-Wiatrek vom Freilandlabor Britz e.V.<\/p>\n\n\n\n<h4 class=\"wp-block-heading\" id=\"h-lage-des-waldgartens-berlin-britz\">Lage des Waldgartens Berlin-Britz<\/h4>\n\n\n\n<p style=\"padding-top:0;padding-bottom:0\">S\u00fcdlich des Britzer Gartens am Leonberger Ring 54 (Eingang: Roter Pfeil), erreichbar \u00fcber den Hochspannungsweg.<\/p>\n\n\n\n<div class=\"wp-block-columns is-layout-flex wp-container-core-columns-is-layout-7abde1fe wp-block-columns-is-layout-flex\" style=\"padding-top:var(--wp--preset--spacing--40);padding-bottom:var(--wp--preset--spacing--40)\">\n<div class=\"wp-block-column is-layout-flow wp-block-column-is-layout-flow\" style=\"flex-basis:100%\">\n<figure class=\"wp-block-image size-large\"><img loading=\"lazy\" decoding=\"async\" width=\"1024\" height=\"605\" src=\"https:\/\/waldgarten-britz.de\/home\/wp-content\/uploads\/2023\/09\/Screenshot-2023-06-09-215812-1-1024x605.png\" alt=\"\" class=\"wp-image-56\" srcset=\"https:\/\/waldgarten-britz.de\/home\/wp-content\/uploads\/2023\/09\/Screenshot-2023-06-09-215812-1-1024x605.png 1024w, https:\/\/waldgarten-britz.de\/home\/wp-content\/uploads\/2023\/09\/Screenshot-2023-06-09-215812-1-300x177.png 300w, https:\/\/waldgarten-britz.de\/home\/wp-content\/uploads\/2023\/09\/Screenshot-2023-06-09-215812-1-768x454.png 768w, https:\/\/waldgarten-britz.de\/home\/wp-content\/uploads\/2023\/09\/Screenshot-2023-06-09-215812-1.png 1179w\" sizes=\"auto, (max-width: 1024px) 100vw, 1024px\" \/><figcaption class=\"wp-element-caption\">\u00a9 Google Maps<\/figcaption><\/figure>\n<\/div>\n<\/div>\n\n\n\n<h4 class=\"wp-block-heading\" id=\"h-struktur-der-gartenanlage\"><strong>Struktur der Gartenanlage<\/strong><\/h4>\n\n\n\n<p>Die Fl\u00e4che der Waldgarten-Anlage umfasst insgesamt ca. 2,8 Hektar (28.000 m\u00b2). Diese teilt sich auf in:<\/p>\n\n\n\n<ul class=\"wp-block-list\">\n<li>6.000 m\u00b2 gemeinschaftlicher Waldgarten, davon 1.000 m\u00b2 Umweltbildungsfl\u00e4che, letztere betreut durch das Freilandlabor Britz e.V.<\/li>\n\n\n\n<li>60 private Parzellen, jeweils 3-7 davon zusammengefasst in eingez\u00e4unten Clustern, wobei es zwischen den Parzellen keine Z\u00e4une gibt (insgesamt 12.000 m\u00b2)<\/li>\n\n\n\n<li>10.000 m\u00b2 parkartige Gemeinschafts-Gr\u00fcnfl\u00e4che entlang der Wege, mit Obstb\u00e4umen und Beerenstr\u00e4uchern, die \u00f6ffentlich zug\u00e4nglich ist<\/li>\n<\/ul>\n\n\n\n<p style=\"padding-top:0;padding-bottom:0\">In allen Bereichen (Gemeinschaftsgarten und Parzellen) wird das Prinzip des Waldgartens in unterschiedlichen Nutzungen und Intensit\u00e4ten umgesetzt.<\/p>\n\n\n\n<div class=\"wp-block-columns is-layout-flex wp-container-core-columns-is-layout-51c0b34d wp-block-columns-is-layout-flex\" style=\"padding-top:var(--wp--preset--spacing--50);padding-bottom:var(--wp--preset--spacing--50)\">\n<div class=\"wp-block-column is-layout-flow wp-block-column-is-layout-flow\" style=\"flex-basis:100%\">\n<figure class=\"wp-block-image size-large\"><img loading=\"lazy\" decoding=\"async\" width=\"1024\" height=\"714\" src=\"https:\/\/waldgarten-britz.de\/home\/wp-content\/uploads\/2023\/09\/Screenshot-2023-06-09-215405-1-1024x714.png\" alt=\"\" class=\"wp-image-58\" srcset=\"https:\/\/waldgarten-britz.de\/home\/wp-content\/uploads\/2023\/09\/Screenshot-2023-06-09-215405-1-1024x714.png 1024w, https:\/\/waldgarten-britz.de\/home\/wp-content\/uploads\/2023\/09\/Screenshot-2023-06-09-215405-1-300x209.png 300w, https:\/\/waldgarten-britz.de\/home\/wp-content\/uploads\/2023\/09\/Screenshot-2023-06-09-215405-1-768x536.png 768w, https:\/\/waldgarten-britz.de\/home\/wp-content\/uploads\/2023\/09\/Screenshot-2023-06-09-215405-1.png 1150w\" sizes=\"auto, (max-width: 1024px) 100vw, 1024px\" \/><figcaption class=\"wp-element-caption\">\u00a9 Wyld und baumrausch<\/figcaption><\/figure>\n<\/div>\n<\/div>\n\n\n\n<h4 class=\"wp-block-heading\" id=\"h-zusammenarbeit-mit-wissenschaftlerinnen\" style=\"padding-top:var(--wp--preset--spacing--30);padding-bottom:var(--wp--preset--spacing--30)\">Zusammenarbeit mit Wissenschaftler*innen<\/h4>\n\n\n\n<p>Waldg\u00e4rten erf\u00fcllen verschiedene Funktionen in der Stadt. Um die Effekte eines Waldgartens besser zu verstehen und zu vergleichen, werden verschiedene Aspekte unter die Lupe genommen. Ein Team der Universit\u00e4t Potsdam koordiniert und f\u00fchrt Forschung zu folgenden Bereichen durch:<\/p>\n\n\n\n<ul class=\"wp-block-list\">\n<li>Artenvielfalt von Tieren &amp; Pflanzen<\/li>\n\n\n\n<li>Klimaregulierung &amp; Klimaanpassung<\/li>\n\n\n\n<li>Bodenentwicklung &amp; Bodenleben<\/li>\n\n\n\n<li>Gemeinschafts\u00ad\u00adentwicklung &amp; Wohlbefinden<\/li>\n\n\n\n<li>Umweltbildung &amp; Wissenstransfer<\/li>\n\n\n\n<li>Nahrungsmittel\u00adanbau &amp; Ertrag<\/li>\n<\/ul>\n\n\n\n<p>Teilweise wird die Forschung in Citizen Sciences, also &#8222;B\u00fcrgerwissenschaftler*innen&#8220; Formaten durchgef\u00fchrt. Aktuell kannst Du durch die AG Monitoring zu den Thema &#8222;Artenvielfalt von Tieren&#8220; und &#8222;Nahrungsmittelertrag&#8220; mit forschen!<\/p>\n\n\n\n<h4 class=\"wp-block-heading\" id=\"h-weiterfuhrende-informationen\"><strong>Weiterf\u00fchrende Informationen<\/strong><\/h4>\n\n\n\n<p>F\u00fcr weitere Einblicke in das Projekt besucht gerne diese Webseiten:<\/p>\n\n\n\n<ul class=\"wp-block-list\">\n<li><a rel=\"noreferrer noopener\" href=\"http:\/\/www.urbane-waldgaerten.de\/\" target=\"_blank\">\ud83d\udd17<\/a> <a rel=\"noreferrer noopener\" href=\"http:\/\/www.urbane-waldgaerten.de\/\" target=\"_blank\">Urbane Waldg\u00e4rten<\/a><\/li>\n\n\n\n<li>\ud83d\udd17 <a href=\"https:\/\/www.kleingartenverband-neukoelln.de\/das-waldgartenprojekt.html\" target=\"_blank\" rel=\"noreferrer noopener\">Kleingartenverband Neuk\u00f6lln &#8211; BV <\/a><a rel=\"noreferrer noopener\" href=\"https:\/\/www.kleingartenverband-neukoelln.de\/das-waldgartenprojekt.html\" target=\"_blank\">S\u00fcden<\/a><\/li>\n\n\n\n<li>\ud83d\udd17 <a rel=\"noreferrer noopener\" href=\"https:\/\/www.freilandlabor-britz.de\/urbane-waldgaerten\/\" target=\"_blank\">Freilandlabor Britz<\/a><\/li>\n<\/ul>\n\n\n\n<div class=\"wp-block-columns is-layout-flex wp-container-core-columns-is-layout-28f84493 wp-block-columns-is-layout-flex\">\n<div class=\"wp-block-column is-layout-flow wp-block-column-is-layout-flow\" style=\"flex-basis:100%\">\n<div class=\"wp-block-group is-layout-constrained wp-block-group-is-layout-constrained\">\n<div style=\"height:51px\" aria-hidden=\"true\" class=\"wp-block-spacer\"><\/div>\n\n\n\n<div class=\"wp-block-columns is-layout-flex wp-container-core-columns-is-layout-28f84493 wp-block-columns-is-layout-flex\">\n<div class=\"wp-block-column is-layout-flow wp-block-column-is-layout-flow\"><\/div>\n\n\n\n<div class=\"wp-block-column is-layout-flow wp-block-column-is-layout-flow\"><\/div>\n<\/div>\n<\/div>\n<\/div>\n<\/div>\n","protected":false},"excerpt":{"rendered":"<p>Ziele und Prinzipien Das Projekt hat das Ziel, eine innovative Kleingartenanlage mit einem Gemeinschaftsgarten und privaten Parzellen zu entwickeln. Das Leitbild dabei ist das Prinzip des Waldgartens. Es sollen \u00f6kologische Funktionen wie Bodenschutz, Klimaregulierung und Biodiversit\u00e4t mit sozialen Funktionen wie Umweltbildung, Erholung, Lebensmittelproduktion und Begegnung vereint werden. Dabei ist ein wesentliches Anliegen, neue Gemeinschaften und [&hellip;]<\/p>\n","protected":false},"author":1,"featured_media":0,"parent":0,"menu_order":0,"comment_status":"closed","ping_status":"closed","template":"","meta":{"footnotes":""},"class_list":["post-52","page","type-page","status-publish","hentry"],"_links":{"self":[{"href":"https:\/\/waldgarten-britz.de\/home\/wp-json\/wp\/v2\/pages\/52","targetHints":{"allow":["GET"]}}],"collection":[{"href":"https:\/\/waldgarten-britz.de\/home\/wp-json\/wp\/v2\/pages"}],"about":[{"href":"https:\/\/waldgarten-britz.de\/home\/wp-json\/wp\/v2\/types\/page"}],"author":[{"embeddable":true,"href":"https:\/\/waldgarten-britz.de\/home\/wp-json\/wp\/v2\/users\/1"}],"replies":[{"embeddable":true,"href":"https:\/\/waldgarten-britz.de\/home\/wp-json\/wp\/v2\/comments?post=52"}],"version-history":[{"count":19,"href":"https:\/\/waldgarten-britz.de\/home\/wp-json\/wp\/v2\/pages\/52\/revisions"}],"predecessor-version":[{"id":605,"href":"https:\/\/waldgarten-britz.de\/home\/wp-json\/wp\/v2\/pages\/52\/revisions\/605"}],"wp:attachment":[{"href":"https:\/\/waldgarten-britz.de\/home\/wp-json\/wp\/v2\/media?parent=52"}],"curies":[{"name":"wp","href":"https:\/\/api.w.org\/{rel}","templated":true}]}}