{"id":526,"date":"2025-04-19T18:10:35","date_gmt":"2025-04-19T16:10:35","guid":{"rendered":"https:\/\/waldgarten-britz.de\/home\/?page_id=526"},"modified":"2025-04-22T21:19:21","modified_gmt":"2025-04-22T19:19:21","slug":"formales","status":"publish","type":"page","link":"https:\/\/waldgarten-britz.de\/home\/formales\/","title":{"rendered":"Formales"},"content":{"rendered":"\n<p>Du m\u00f6chtest etwas beantragen? Hier findest Du das passende Formular!<\/p>\n\n\n\n<p><\/p>\n\n\n\n<h4 class=\"wp-block-heading\">F\u00fcr Neue<\/h4>\n\n\n\n<ul class=\"wp-block-list\">\n<li>\ud83d\udcdd <a href=\"https:\/\/waldgarten-britz.de\/mitgliedschaft\/\">Mitgliedschaft im Verein Waldgarten Berlin-Britz e.V.<\/a><\/li>\n\n\n\n<li><a href=\"https:\/\/cloud.waldgarten-britz.de\/index.php\/apps\/forms\/kaBajoZW6bwoXM5c\">\ud83c\udf31<\/a> <a href=\"https:\/\/cloud.waldgarten-britz.de\/index.php\/apps\/forms\/kaBajoZW6bwoXM5c\">Aufnahme in die Warteliste f\u00fcr eine Parzelle<\/a><\/li>\n<\/ul>\n\n\n\n<p><\/p>\n\n\n\n<h4 class=\"wp-block-heading\">F\u00fcr Mitglieder<\/h4>\n\n\n\n<ul class=\"wp-block-list\">\n<li><a href=\"https:\/\/stempel.wg2b.de\" target=\"_blank\" rel=\"noopener\">\ud83c\udf9f\ufe0f<\/a> <a href=\"https:\/\/stempel.wg2b.de\" target=\"_blank\" rel=\"noopener\">Waldcard: Stempel f\u00fcr Aktivit\u00e4ten<\/a><\/li>\n\n\n\n<li>\ud83d\udc36 <a href=\"https:\/\/waldgarten-britz.de\/home\/meldestelle-waldi\/\" data-type=\"page\" data-id=\"581\">Meldestelle Waldi<\/a><\/li>\n\n\n\n<li>\ud83d\udcc5 <a href=\"https:\/\/waldgarten-britz.de\/home\/raumreservierung\/\">Raumreservierung<\/a><\/li>\n\n\n\n<li>\ud83d\ude9c <a href=\"https:\/\/cloud.waldgarten-britz.de\/index.php\/apps\/forms\/zfNYxsNjWF4ayqCm\" data-type=\"link\" data-id=\"https:\/\/cloud.waldgarten-britz.de\/index.php\/apps\/forms\/zfNYxsNjWF4ayqCm\">Befahrung der Waldgartenfl\u00e4che<\/a><\/li>\n\n\n\n<li>\ud83e\uddf0 <a href=\"https:\/\/cloud.waldgarten-britz.de\/index.php\/apps\/forms\/tomamktCCJmjEP3t\">Ger\u00e4tebox, Gew\u00e4chshaus, Spielger\u00e4t<\/a><\/li>\n\n\n\n<li>\ud83c\udfe1 <a href=\"https:\/\/www.kleingartenverband-neukoelln.de\/media\/files\/downloadcenter\/pdf\/antrag-laube_aktuell.pdf\" target=\"_blank\" rel=\"noopener\">Bauantrag Laube<\/a><\/li>\n<\/ul>\n\n\n\n<p><\/p>\n","protected":false},"excerpt":{"rendered":"<p>Du m\u00f6chtest etwas beantragen? Hier findest Du das passende Formular! F\u00fcr Neue F\u00fcr Mitglieder<\/p>\n","protected":false},"author":1,"featured_media":0,"parent":0,"menu_order":0,"comment_status":"closed","ping_status":"closed","template":"","meta":{"footnotes":""},"class_list":["post-526","page","type-page","status-publish","hentry"],"_links":{"self":[{"href":"https:\/\/waldgarten-britz.de\/home\/wp-json\/wp\/v2\/pages\/526","targetHints":{"allow":["GET"]}}],"collection":[{"href":"https:\/\/waldgarten-britz.de\/home\/wp-json\/wp\/v2\/pages"}],"about":[{"href":"https:\/\/waldgarten-britz.de\/home\/wp-json\/wp\/v2\/types\/page"}],"author":[{"embeddable":true,"href":"https:\/\/waldgarten-britz.de\/home\/wp-json\/wp\/v2\/users\/1"}],"replies":[{"embeddable":true,"href":"https:\/\/waldgarten-britz.de\/home\/wp-json\/wp\/v2\/comments?post=526"}],"version-history":[{"count":18,"href":"https:\/\/waldgarten-britz.de\/home\/wp-json\/wp\/v2\/pages\/526\/revisions"}],"predecessor-version":[{"id":592,"href":"https:\/\/waldgarten-britz.de\/home\/wp-json\/wp\/v2\/pages\/526\/revisions\/592"}],"wp:attachment":[{"href":"https:\/\/waldgarten-britz.de\/home\/wp-json\/wp\/v2\/media?parent=526"}],"curies":[{"name":"wp","href":"https:\/\/api.w.org\/{rel}","templated":true}]}}