{"id":62,"date":"2023-09-17T11:40:00","date_gmt":"2023-09-17T11:40:00","guid":{"rendered":"https:\/\/waldgarten-britz.de\/home\/?page_id=62"},"modified":"2026-01-11T19:45:18","modified_gmt":"2026-01-11T18:45:18","slug":"der-verein","status":"publish","type":"page","link":"https:\/\/waldgarten-britz.de\/home\/der-verein\/","title":{"rendered":"Der Verein"},"content":{"rendered":"\n<figure class=\"wp-block-image aligncenter size-full is-resized has-custom-border\"><img loading=\"lazy\" decoding=\"async\" width=\"141\" height=\"87\" src=\"https:\/\/waldgarten-britz.de\/home\/wp-content\/uploads\/2024\/05\/Logo-Waldgarten-Vektorgrafik-RGB.svg\" alt=\"\" class=\"wp-image-441\" style=\"border-style:none;border-width:0px;border-radius:0px;width:400px\"\/><\/figure>\n\n\n\n<h4 class=\"wp-block-heading\" id=\"h-zweck-des-vereins\" style=\"margin-top:var(--wp--preset--spacing--70);margin-bottom:0\"><strong>Zweck des Vereins<\/strong><\/h4>\n\n\n\n<p>Am 6. Mai 2023 hat sich der Verein Waldgarten Berlin-Britz e.V. gegr\u00fcndet. In der Gr\u00fcndungsversammlung kamen rund 40 Personen zusammen, die das Ziel verfolgten, einen Ort zu schaffen, an dem gemeinschaftliches und umweltgerechtes G\u00e4rtnern im Vordergrund steht. Der Zweck des Vereins ist breit gef\u00e4chert und reicht von der F\u00f6rderung des sozialen Austausches und gemeinsamen G\u00e4rtnerns \u00fcber die Vermittlung von Wissen \u00fcber umweltgerechtes, klimaangepasstes G\u00e4rtnern bis hin zur Unterst\u00fctzung der Erhaltung kleing\u00e4rtnerisch nutzbarer Grundst\u00fccke. Ein zentrales Anliegen ist dabei stets der Umweltschutz und die F\u00f6rderung der biologischen Vielfalt.<\/p>\n\n\n\n<div class=\"wp-block-columns is-layout-flex wp-container-core-columns-is-layout-28f84493 wp-block-columns-is-layout-flex\">\n<div class=\"wp-block-column is-layout-flow wp-container-core-column-is-layout-ee37694d wp-block-column-is-layout-flow\" style=\"padding-top:var(--wp--preset--spacing--40);padding-bottom:var(--wp--preset--spacing--40);flex-basis:100%\">\n<figure class=\"wp-block-gallery has-nested-images columns-default is-cropped wp-block-gallery-1 is-layout-flex wp-block-gallery-is-layout-flex\">\n<figure class=\"wp-block-image size-large\"><img loading=\"lazy\" decoding=\"async\" width=\"1024\" height=\"605\" data-id=\"63\" src=\"https:\/\/waldgarten-britz.de\/home\/wp-content\/uploads\/2023\/09\/image-2-1-1024x605.png\" alt=\"\" class=\"wp-image-63\" srcset=\"https:\/\/waldgarten-britz.de\/home\/wp-content\/uploads\/2023\/09\/image-2-1-1024x605.png 1024w, https:\/\/waldgarten-britz.de\/home\/wp-content\/uploads\/2023\/09\/image-2-1-300x177.png 300w, https:\/\/waldgarten-britz.de\/home\/wp-content\/uploads\/2023\/09\/image-2-1-768x453.png 768w, https:\/\/waldgarten-britz.de\/home\/wp-content\/uploads\/2023\/09\/image-2-1-1536x907.png 1536w, https:\/\/waldgarten-britz.de\/home\/wp-content\/uploads\/2023\/09\/image-2-1.png 1951w\" sizes=\"auto, (max-width: 1024px) 100vw, 1024px\" \/><\/figure>\n<\/figure>\n<\/div>\n<\/div>\n\n\n\n<p>Bis zum Fr\u00fchjahr 2027 wird das Projekt &#8222;Urbane Waldg\u00e4rten&#8220; noch gef\u00f6rdert, danach werden die Vereinsmitglieder langfristig die Verantwortung f\u00fcr die gesamte Fl\u00e4che \u00fcbernehmen.<\/p>\n\n\n\n<div style=\"height:30px\" aria-hidden=\"true\" class=\"wp-block-spacer\"><\/div>\n\n\n\n<h4 class=\"wp-block-heading\" id=\"h-mitmachen\" style=\"padding-top:0;padding-bottom:0\"><strong>Mitmachen<\/strong><\/h4>\n\n\n\n<p style=\"padding-top:0;padding-bottom:0\">Eine Mitgliedschaft bietet vielf\u00e4ltige M\u00f6glichkeiten der Beteiligung: vom aktiven G\u00e4rtnern und der Ernte im Garten \u00fcber die organisatorische Mitsprache im Verein bis hin zur Nutzung und r\u00e4umlichen Gestaltung der gemeinschaftlichen Fl\u00e4chen. Die meisten unserer Mitglieder arbeiten aktiv in Garten und Verein mit, beispielsweise als &#8222;Waldschrat&#8220; &#8211; \u00fcbernehmen also die Verantwortung f\u00fcr ein bestimmtes Thema &#8211; oder  in einer Arbeitsgemeinschaften:  <\/p>\n\n\n\n<ul class=\"wp-block-list\">\n<li>AG G\u00e4rtnern: Weiterentwicklung unserer gemeinschaftlichen Gartenarbeit<\/li>\n\n\n\n<li>AG Bauen: Planung und Herstellung von M\u00f6beln und anderen Einrichtungen<\/li>\n\n\n\n<li>AG Kinder und Jugendliche: Entwicklung von Angeboten mit unseren j\u00fcngeren Mitgliedern<\/li>\n\n\n\n<li>AG Monitoring: Erntemonitoring und B\u00fcrgerwissenschaften  <\/li>\n<\/ul>\n\n\n\n<div class=\"wp-block-group alignfull has-raft-bg-background-color has-background is-layout-constrained wp-block-group-is-layout-constrained\" style=\"margin-top:0px;margin-bottom:0px;padding-top:64px;padding-bottom:64px\">\n<h3 class=\"wp-block-heading has-text-align-center is-style-default\">Du hast Lust mitzug\u00e4rtnern?<\/h3>\n\n\n\n<p class=\"has-text-align-center has-normal-font-size\">Schreib uns gerne und wir melden uns bei Dir zur\u00fcck!<\/p>\n\n\n\n<div class=\"wp-block-buttons is-content-justification-center is-layout-flex wp-container-core-buttons-is-layout-a89b3969 wp-block-buttons-is-layout-flex\">\n<div class=\"wp-block-button\"><a class=\"wp-block-button__link has-raft-fg-alt-color has-text-color wp-element-button\" href=\"https:\/\/waldgarten-britz.de\/home\/index.php\/kontakt\/\">MITMACHEN<\/a><\/div>\n<\/div>\n<\/div>\n\n\n\n<h4 class=\"wp-block-heading\" id=\"h-satzung-kosten-mitgliedschaft\"><strong>Satzung, Kosten, Mitgliedschaft<\/strong><\/h4>\n\n\n\n<p>Unser Verein ist ein Ort des Respekts und der Offenheit, der allen Mitgliedern und Besucher*innen, unabh\u00e4ngig von ihrer Identit\u00e4t, Herkunft, Religion, Lebensalter, gesundheitlichen Situation oder sozialem Status, eine Heimat zum gemeinschaftlichen G\u00e4rtnern bietet. Wir setzen uns f\u00fcr ein respektvolles Miteinander ein und arbeiten daran, unseren Garten zu einem offenen Lernort zu machen. Rassistischen, verfassungs- und fremdenfeindlichen Bestrebungen treten wir entschieden entgegen. Dem widersprechende Handlungen sind mit einer Teilhabe am Verein nicht vereinbar.<\/p>\n\n\n\n<p>Die g\u00fcltigen Bestimmungen des Vereins findest Du hier:<\/p>\n\n\n\n<p><strong>\ud83d\udd17 <a href=\"https:\/\/drive.google.com\/file\/d\/1L-SLyrhMSj0JJ4psHvR0hr5HlmLBQI59\/view?usp=drive_link\" target=\"_blank\" rel=\"noreferrer noopener\">Vereinssatzung<\/a><\/strong><\/p>\n\n\n\n<p><strong>\ud83d\udd17 <a href=\"https:\/\/drive.google.com\/file\/d\/1IgHIaQa-8JLMGkr4635Wn90stoDT8zpK\/view?usp=sharing\" target=\"_blank\" rel=\"noreferrer noopener\">Vereinsordnung<\/a><\/strong><\/p>\n\n\n\n<p>Die Kostenbeitr\u00e4ge der Mitgliedschaft richten sich nach freiwilligen Stufen und beginnen ab 5 EUR pro Monat.<\/p>\n\n\n\n<p style=\"padding-top:0;padding-bottom:0\">Die demokratische Struktur des Vereins erm\u00f6glicht allen Mitgliedern, aktiv am Vereinsgeschehen teilzunehmen und Entscheidungen mitzutragen. Die j\u00e4hrlichen Mitgliederversammlungen bilden dabei den Rahmen f\u00fcr die gro\u00dfen strategischen und organisatorischen Entscheidungen. Dar\u00fcber hinaus wird monatlich ein Plenum abgehalten, bei denen alle Interessierten willkommen sind, die Gemeinschaft kennenzulernen und aktiv mitzudiskutieren. <\/p>\n\n\n\n<p>Neue Mitglieder werden einmal monatlich vom Plenum best\u00e4tigt und erhalten daraufhin die Probemitgliedschaft um zun\u00e4chst das g\u00e4rtnerische Prinzip und die Gemeinschaft kennenzulernen. Sofern das Mitglied dabei bleiben will und sich aktiv einbringt, wird diese in der j\u00e4hrlichen Mitgliederversammlung in eine regul\u00e4re Vollmitgliedschaft \u00fcberf\u00fchrt.<\/p>\n\n\n\n<p>Eine Mitgliedschaft kann f\u00fcr mehrere zusammengeh\u00f6rige Personen gelten, wobei diese Gruppe nur eine Stimme in der Mitgliederversammlung hat &#8211; aber auch nur einen Vereinsbeitrag bezahlt.<\/p>\n\n\n\n<p>Wir freuen uns \u00fcber alle, die Lust haben mitzumachen.<\/p>\n\n\n\n<div class=\"wp-block-columns is-layout-flex wp-container-core-columns-is-layout-28f84493 wp-block-columns-is-layout-flex\">\n<div class=\"wp-block-column is-layout-flow wp-block-column-is-layout-flow\" style=\"flex-basis:100%\">\n<div class=\"wp-block-group is-layout-constrained wp-block-group-is-layout-constrained\">\n<div style=\"height:51px\" aria-hidden=\"true\" class=\"wp-block-spacer\"><\/div>\n\n\n\n<div class=\"wp-block-columns is-layout-flex wp-container-core-columns-is-layout-28f84493 wp-block-columns-is-layout-flex\">\n<div class=\"wp-block-column is-layout-flow wp-block-column-is-layout-flow\"><\/div>\n\n\n\n<div class=\"wp-block-column is-layout-flow wp-block-column-is-layout-flow\"><\/div>\n<\/div>\n<\/div>\n<\/div>\n<\/div>\n","protected":false},"excerpt":{"rendered":"<p>Zweck des Vereins Am 6. Mai 2023 hat sich der Verein Waldgarten Berlin-Britz e.V. gegr\u00fcndet. In der Gr\u00fcndungsversammlung kamen rund 40 Personen zusammen, die das Ziel verfolgten, einen Ort zu schaffen, an dem gemeinschaftliches und umweltgerechtes G\u00e4rtnern im Vordergrund steht. Der Zweck des Vereins ist breit gef\u00e4chert und reicht von der F\u00f6rderung des sozialen Austausches [&hellip;]<\/p>\n","protected":false},"author":1,"featured_media":0,"parent":0,"menu_order":0,"comment_status":"closed","ping_status":"closed","template":"","meta":{"footnotes":""},"class_list":["post-62","page","type-page","status-publish","hentry"],"_links":{"self":[{"href":"https:\/\/waldgarten-britz.de\/home\/wp-json\/wp\/v2\/pages\/62","targetHints":{"allow":["GET"]}}],"collection":[{"href":"https:\/\/waldgarten-britz.de\/home\/wp-json\/wp\/v2\/pages"}],"about":[{"href":"https:\/\/waldgarten-britz.de\/home\/wp-json\/wp\/v2\/types\/page"}],"author":[{"embeddable":true,"href":"https:\/\/waldgarten-britz.de\/home\/wp-json\/wp\/v2\/users\/1"}],"replies":[{"embeddable":true,"href":"https:\/\/waldgarten-britz.de\/home\/wp-json\/wp\/v2\/comments?post=62"}],"version-history":[{"count":40,"href":"https:\/\/waldgarten-britz.de\/home\/wp-json\/wp\/v2\/pages\/62\/revisions"}],"predecessor-version":[{"id":523,"href":"https:\/\/waldgarten-britz.de\/home\/wp-json\/wp\/v2\/pages\/62\/revisions\/523"}],"wp:attachment":[{"href":"https:\/\/waldgarten-britz.de\/home\/wp-json\/wp\/v2\/media?parent=62"}],"curies":[{"name":"wp","href":"https:\/\/api.w.org\/{rel}","templated":true}]}}