{"id":68,"date":"2023-09-17T11:45:23","date_gmt":"2023-09-17T11:45:23","guid":{"rendered":"https:\/\/waldgarten-britz.de\/home\/?page_id=68"},"modified":"2023-09-24T20:52:43","modified_gmt":"2023-09-24T18:52:43","slug":"der-gemeinschaftsgarten","status":"publish","type":"page","link":"https:\/\/waldgarten-britz.de\/home\/der-gemeinschaftsgarten\/","title":{"rendered":"Der Gemeinschaftsgarten"},"content":{"rendered":"\n<h4 class=\"wp-block-heading\" id=\"h-herzstuck-des-waldgartens-der-gemeinschaftsgarten\" style=\"padding-top:var(--wp--preset--spacing--50);padding-bottom:var(--wp--preset--spacing--50)\"><strong>Herzst\u00fcck des Waldgartens: Der Gemeinschaftsgarten<\/strong><\/h4>\n\n\n\n<p style=\"margin-top:0;margin-bottom:0;padding-top:0;padding-bottom:0\">Zentral in unserer Anlage gelegen, bildet der Gemeinschaftsgarten mit seinen 5000 m\u00b2 das Herz des &#8222;Waldgarten Berlin-Britz&#8220;. Erg\u00e4nzt wird dieser Bereich durch eine zus\u00e4tzliche Fl\u00e4che von 1000 m\u00b2, die speziell der Umweltbildung gewidmet ist. Der Gemeinschaftsgarten ist ein lebendiges Beispiel f\u00fcr biologische Vielfalt und naturnahes G\u00e4rtnern. \u00dcber 200 verschiedene Pflanzenarten, hunderte B\u00e4ume und weit mehr als 10.000 Stauden machen den Garten zu einem lebendigen, gr\u00fcnen Mosaik.<\/p>\n\n\n\n<figure class=\"wp-block-gallery has-nested-images columns-default is-cropped wp-block-gallery-1 is-layout-flex wp-block-gallery-is-layout-flex\">\n<figure class=\"wp-block-image size-full\"><img loading=\"lazy\" decoding=\"async\" width=\"720\" height=\"720\" data-id=\"193\" src=\"https:\/\/waldgarten-britz.de\/home\/wp-content\/uploads\/2023\/09\/photo1686483626-3-1-3.jpeg\" alt=\"\" class=\"wp-image-193\" srcset=\"https:\/\/waldgarten-britz.de\/home\/wp-content\/uploads\/2023\/09\/photo1686483626-3-1-3.jpeg 720w, https:\/\/waldgarten-britz.de\/home\/wp-content\/uploads\/2023\/09\/photo1686483626-3-1-3-300x300.jpeg 300w, https:\/\/waldgarten-britz.de\/home\/wp-content\/uploads\/2023\/09\/photo1686483626-3-1-3-150x150.jpeg 150w\" sizes=\"auto, (max-width: 720px) 100vw, 720px\" \/><\/figure>\n\n\n\n<figure class=\"wp-block-image size-large\"><img loading=\"lazy\" decoding=\"async\" width=\"1024\" height=\"768\" data-id=\"265\" src=\"https:\/\/waldgarten-britz.de\/home\/wp-content\/uploads\/2023\/09\/4000-3000-max_1-1024x768.jpg\" alt=\"\" class=\"wp-image-265\" srcset=\"https:\/\/waldgarten-britz.de\/home\/wp-content\/uploads\/2023\/09\/4000-3000-max_1-1024x768.jpg 1024w, https:\/\/waldgarten-britz.de\/home\/wp-content\/uploads\/2023\/09\/4000-3000-max_1-300x225.jpg 300w, https:\/\/waldgarten-britz.de\/home\/wp-content\/uploads\/2023\/09\/4000-3000-max_1-768x576.jpg 768w, https:\/\/waldgarten-britz.de\/home\/wp-content\/uploads\/2023\/09\/4000-3000-max_1-1536x1152.jpg 1536w, https:\/\/waldgarten-britz.de\/home\/wp-content\/uploads\/2023\/09\/4000-3000-max_1-2048x1536.jpg 2048w\" sizes=\"auto, (max-width: 1024px) 100vw, 1024px\" \/><\/figure>\n\n\n\n<figure class=\"wp-block-image size-large\"><img loading=\"lazy\" decoding=\"async\" width=\"1024\" height=\"576\" data-id=\"73\" src=\"https:\/\/waldgarten-britz.de\/home\/wp-content\/uploads\/2023\/09\/photo1686483626-6-1-1-1024x576.jpeg\" alt=\"\" class=\"wp-image-73\" srcset=\"https:\/\/waldgarten-britz.de\/home\/wp-content\/uploads\/2023\/09\/photo1686483626-6-1-1-1024x576.jpeg 1024w, https:\/\/waldgarten-britz.de\/home\/wp-content\/uploads\/2023\/09\/photo1686483626-6-1-1-300x169.jpeg 300w, https:\/\/waldgarten-britz.de\/home\/wp-content\/uploads\/2023\/09\/photo1686483626-6-1-1-768x432.jpeg 768w, https:\/\/waldgarten-britz.de\/home\/wp-content\/uploads\/2023\/09\/photo1686483626-6-1-1.jpeg 1280w\" sizes=\"auto, (max-width: 1024px) 100vw, 1024px\" \/><\/figure>\n\n\n\n<figure class=\"wp-block-image size-large\"><img loading=\"lazy\" decoding=\"async\" width=\"1024\" height=\"576\" data-id=\"74\" src=\"https:\/\/waldgarten-britz.de\/home\/wp-content\/uploads\/2023\/09\/photo1686483626-2-1-1-1024x576.jpeg\" alt=\"\" class=\"wp-image-74\" srcset=\"https:\/\/waldgarten-britz.de\/home\/wp-content\/uploads\/2023\/09\/photo1686483626-2-1-1-1024x576.jpeg 1024w, https:\/\/waldgarten-britz.de\/home\/wp-content\/uploads\/2023\/09\/photo1686483626-2-1-1-300x169.jpeg 300w, https:\/\/waldgarten-britz.de\/home\/wp-content\/uploads\/2023\/09\/photo1686483626-2-1-1-768x432.jpeg 768w, https:\/\/waldgarten-britz.de\/home\/wp-content\/uploads\/2023\/09\/photo1686483626-2-1-1.jpeg 1280w\" sizes=\"auto, (max-width: 1024px) 100vw, 1024px\" \/><\/figure>\n\n\n\n<figure class=\"wp-block-image size-large\"><img loading=\"lazy\" decoding=\"async\" width=\"1024\" height=\"576\" data-id=\"79\" src=\"https:\/\/waldgarten-britz.de\/home\/wp-content\/uploads\/2023\/09\/photo1686483626-5-1-1-1024x576.jpeg\" alt=\"\" class=\"wp-image-79\" srcset=\"https:\/\/waldgarten-britz.de\/home\/wp-content\/uploads\/2023\/09\/photo1686483626-5-1-1-1024x576.jpeg 1024w, https:\/\/waldgarten-britz.de\/home\/wp-content\/uploads\/2023\/09\/photo1686483626-5-1-1-300x169.jpeg 300w, https:\/\/waldgarten-britz.de\/home\/wp-content\/uploads\/2023\/09\/photo1686483626-5-1-1-768x432.jpeg 768w, https:\/\/waldgarten-britz.de\/home\/wp-content\/uploads\/2023\/09\/photo1686483626-5-1-1.jpeg 1280w\" sizes=\"auto, (max-width: 1024px) 100vw, 1024px\" \/><\/figure>\n<\/figure>\n\n\n\n<div class=\"wp-block-group is-layout-constrained wp-block-group-is-layout-constrained\">\n<p style=\"padding-top:0;padding-bottom:0\">Unser Garten ist einzigartig durch seinen organischen Entwicklungsprozess; Die Gestaltung basiert auf einem r\u00e4umlichen Entwicklungskonzept, das aus den Ergebnissen gemeinsamer Workshops hervorgegangen ist. Entsprechend wurden verschiedene Gartenformate entwickelt, die alle dem Leitbild des Waldgartens folgen.<\/p>\n<\/div>\n\n\n\n<p>Die Fl\u00e4che ist in verschiedene Zonen unterteilt:<\/p>\n\n\n\n<div class=\"wp-block-media-text is-stacked-on-mobile\" style=\"grid-template-columns:41% auto\"><figure class=\"wp-block-media-text__media\"><img loading=\"lazy\" decoding=\"async\" width=\"492\" height=\"440\" src=\"https:\/\/waldgarten-britz.de\/home\/wp-content\/uploads\/2023\/09\/Slice_Zonenkarte-1.png\" alt=\"\" class=\"wp-image-226 size-full\" srcset=\"https:\/\/waldgarten-britz.de\/home\/wp-content\/uploads\/2023\/09\/Slice_Zonenkarte-1.png 492w, https:\/\/waldgarten-britz.de\/home\/wp-content\/uploads\/2023\/09\/Slice_Zonenkarte-1-300x268.png 300w\" sizes=\"auto, (max-width: 492px) 100vw, 492px\" \/><\/figure><div class=\"wp-block-media-text__content\">\n<p><strong>Lichtung<\/strong> &#8211; Weniger stark mit B\u00e4umen \u00fcberwachsene Bereiche.<br><strong>Feucht<\/strong> &#8211; Hier wird Regenwasser gezielt hingeleitet um gute Voraussetzungen f\u00fcr feuchtliebende Pflanzen zu schaffen.<br><strong>Trocken<\/strong> &#8211; S\u00fcdliche, erh\u00f6hte Ausrichtung um trockenliebende Pflanzen zu beheimaten.<br><strong>Sukzession<\/strong> &#8211; Gartenbereich, in den nur wenig eingegriffen wird.<br><strong>Mehrschichtig<\/strong> &#8211; Ein klassischer Waldgarten-Typ, mit nutzbaren Pflanzen in Baum, Stauden und Krautschicht.<\/p>\n<\/div><\/div>\n\n\n\n<p style=\"padding-top:0;padding-bottom:0\">Der Gemeinschaftsgarten ist nicht nur ein urbanes Naturparadies, sondern auch ein Ort des Miteinanders und der Gemeinschaft. Er steht allen Mitgliedern des Vereins und deren G\u00e4sten zum Mitg\u00e4rtnern offen. Egal, ob jemand eine eigene Parzelle hat oder einfach nur Teil der Gemeinschaft ist &#8211; alle Mitglieder sind in erster Linie Gemeinschaftsg\u00e4rtner: Das bedeutet, dass wir uns gemeinsam um den Garten k\u00fcmmern, uns austauschen und voneinander lernen.<\/p>\n\n\n\n<div class=\"wp-block-columns is-layout-flex wp-container-core-columns-is-layout-28f84493 wp-block-columns-is-layout-flex\">\n<div class=\"wp-block-column is-layout-flow wp-block-column-is-layout-flow\" style=\"flex-basis:100%\">\n<div class=\"wp-block-group is-layout-constrained wp-block-group-is-layout-constrained\">\n<div style=\"height:51px\" aria-hidden=\"true\" class=\"wp-block-spacer\"><\/div>\n\n\n\n<div class=\"wp-block-columns is-layout-flex wp-container-core-columns-is-layout-28f84493 wp-block-columns-is-layout-flex\">\n<div class=\"wp-block-column is-layout-flow wp-block-column-is-layout-flow\"><\/div>\n\n\n\n<div class=\"wp-block-column is-layout-flow wp-block-column-is-layout-flow\"><\/div>\n<\/div>\n<\/div>\n<\/div>\n<\/div>\n","protected":false},"excerpt":{"rendered":"<p>Herzst\u00fcck des Waldgartens: Der Gemeinschaftsgarten Zentral in unserer Anlage gelegen, bildet der Gemeinschaftsgarten mit seinen 5000 m\u00b2 das Herz des &#8222;Waldgarten Berlin-Britz&#8220;. Erg\u00e4nzt wird dieser Bereich durch eine zus\u00e4tzliche Fl\u00e4che von 1000 m\u00b2, die speziell der Umweltbildung gewidmet ist. Der Gemeinschaftsgarten ist ein lebendiges Beispiel f\u00fcr biologische Vielfalt und naturnahes G\u00e4rtnern. \u00dcber 200 verschiedene Pflanzenarten, [&hellip;]<\/p>\n","protected":false},"author":1,"featured_media":0,"parent":0,"menu_order":0,"comment_status":"closed","ping_status":"closed","template":"","meta":{"footnotes":""},"class_list":["post-68","page","type-page","status-publish","hentry"],"_links":{"self":[{"href":"https:\/\/waldgarten-britz.de\/home\/wp-json\/wp\/v2\/pages\/68","targetHints":{"allow":["GET"]}}],"collection":[{"href":"https:\/\/waldgarten-britz.de\/home\/wp-json\/wp\/v2\/pages"}],"about":[{"href":"https:\/\/waldgarten-britz.de\/home\/wp-json\/wp\/v2\/types\/page"}],"author":[{"embeddable":true,"href":"https:\/\/waldgarten-britz.de\/home\/wp-json\/wp\/v2\/users\/1"}],"replies":[{"embeddable":true,"href":"https:\/\/waldgarten-britz.de\/home\/wp-json\/wp\/v2\/comments?post=68"}],"version-history":[{"count":15,"href":"https:\/\/waldgarten-britz.de\/home\/wp-json\/wp\/v2\/pages\/68\/revisions"}],"predecessor-version":[{"id":266,"href":"https:\/\/waldgarten-britz.de\/home\/wp-json\/wp\/v2\/pages\/68\/revisions\/266"}],"wp:attachment":[{"href":"https:\/\/waldgarten-britz.de\/home\/wp-json\/wp\/v2\/media?parent=68"}],"curies":[{"name":"wp","href":"https:\/\/api.w.org\/{rel}","templated":true}]}}