{"id":719,"date":"2025-12-18T12:47:02","date_gmt":"2025-12-18T11:47:02","guid":{"rendered":"https:\/\/waldgarten-britz.de\/home\/?page_id=719"},"modified":"2026-01-20T21:03:22","modified_gmt":"2026-01-20T20:03:22","slug":"das-vereinshaus","status":"publish","type":"page","link":"https:\/\/waldgarten-britz.de\/home\/das-vereinshaus\/","title":{"rendered":"Das Vereinshaus"},"content":{"rendered":"\n<h4 class=\"wp-block-heading\">Raum f\u00fcr Bildung, Austausch und Zusammenarbeit<\/h4>\n\n\n\n<p>Unser Vereinshaus bietet einen modernen, lichtdurchfluteten Saal mitten im Gr\u00fcnen &#8211; eingebettet in den essbaren Waldgarten Berlin-Britz. Ein Ort, an dem Gruppen zusammenkommen, um zu lernen, zu diskutieren und gemeinsam zu arbeiten. Die naturnahe Umgebung unterst\u00fctzt konzentriertes Arbeiten und l\u00e4dt zugleich zu Pausen im Gr\u00fcnen ein.<\/p>\n\n\n\n<figure class=\"wp-block-gallery has-nested-images columns-default is-cropped wp-block-gallery-1 is-layout-flex wp-block-gallery-is-layout-flex\">\n<figure class=\"wp-block-image size-large\"><img loading=\"lazy\" decoding=\"async\" width=\"1024\" height=\"769\" data-id=\"721\" src=\"https:\/\/waldgarten-britz.de\/home\/wp-content\/uploads\/2025\/12\/1000019276-1024x769.jpg\" alt=\"\" class=\"wp-image-721\" srcset=\"https:\/\/waldgarten-britz.de\/home\/wp-content\/uploads\/2025\/12\/1000019276-1024x769.jpg 1024w, https:\/\/waldgarten-britz.de\/home\/wp-content\/uploads\/2025\/12\/1000019276-300x225.jpg 300w, https:\/\/waldgarten-britz.de\/home\/wp-content\/uploads\/2025\/12\/1000019276-768x577.jpg 768w, https:\/\/waldgarten-britz.de\/home\/wp-content\/uploads\/2025\/12\/1000019276-1536x1153.jpg 1536w, https:\/\/waldgarten-britz.de\/home\/wp-content\/uploads\/2025\/12\/1000019276-2048x1538.jpg 2048w\" sizes=\"auto, (max-width: 1024px) 100vw, 1024px\" \/><\/figure>\n\n\n\n<figure class=\"wp-block-image size-large\"><img loading=\"lazy\" decoding=\"async\" width=\"1024\" height=\"769\" data-id=\"722\" src=\"https:\/\/waldgarten-britz.de\/home\/wp-content\/uploads\/2025\/12\/1000019278-1024x769.jpg\" alt=\"\" class=\"wp-image-722\" srcset=\"https:\/\/waldgarten-britz.de\/home\/wp-content\/uploads\/2025\/12\/1000019278-1024x769.jpg 1024w, https:\/\/waldgarten-britz.de\/home\/wp-content\/uploads\/2025\/12\/1000019278-300x225.jpg 300w, https:\/\/waldgarten-britz.de\/home\/wp-content\/uploads\/2025\/12\/1000019278-768x577.jpg 768w, https:\/\/waldgarten-britz.de\/home\/wp-content\/uploads\/2025\/12\/1000019278-1536x1153.jpg 1536w, https:\/\/waldgarten-britz.de\/home\/wp-content\/uploads\/2025\/12\/1000019278-2048x1538.jpg 2048w\" sizes=\"auto, (max-width: 1024px) 100vw, 1024px\" \/><\/figure>\n\n\n\n<figure class=\"wp-block-image size-large\"><img loading=\"lazy\" decoding=\"async\" width=\"1024\" height=\"769\" data-id=\"723\" src=\"https:\/\/waldgarten-britz.de\/home\/wp-content\/uploads\/2025\/12\/1000019280-1024x769.jpg\" alt=\"\" class=\"wp-image-723\" srcset=\"https:\/\/waldgarten-britz.de\/home\/wp-content\/uploads\/2025\/12\/1000019280-1024x769.jpg 1024w, https:\/\/waldgarten-britz.de\/home\/wp-content\/uploads\/2025\/12\/1000019280-300x225.jpg 300w, https:\/\/waldgarten-britz.de\/home\/wp-content\/uploads\/2025\/12\/1000019280-768x577.jpg 768w, https:\/\/waldgarten-britz.de\/home\/wp-content\/uploads\/2025\/12\/1000019280-1536x1153.jpg 1536w, https:\/\/waldgarten-britz.de\/home\/wp-content\/uploads\/2025\/12\/1000019280-2048x1538.jpg 2048w\" sizes=\"auto, (max-width: 1024px) 100vw, 1024px\" \/><\/figure>\n\n\n\n<figure class=\"wp-block-image size-large\"><img loading=\"lazy\" decoding=\"async\" width=\"1024\" height=\"769\" data-id=\"724\" src=\"https:\/\/waldgarten-britz.de\/home\/wp-content\/uploads\/2025\/12\/1000019289-1024x769.jpg\" alt=\"\" class=\"wp-image-724\" srcset=\"https:\/\/waldgarten-britz.de\/home\/wp-content\/uploads\/2025\/12\/1000019289-1024x769.jpg 1024w, https:\/\/waldgarten-britz.de\/home\/wp-content\/uploads\/2025\/12\/1000019289-300x225.jpg 300w, https:\/\/waldgarten-britz.de\/home\/wp-content\/uploads\/2025\/12\/1000019289-768x577.jpg 768w, https:\/\/waldgarten-britz.de\/home\/wp-content\/uploads\/2025\/12\/1000019289-1536x1153.jpg 1536w, https:\/\/waldgarten-britz.de\/home\/wp-content\/uploads\/2025\/12\/1000019289-2048x1538.jpg 2048w\" sizes=\"auto, (max-width: 1024px) 100vw, 1024px\" \/><\/figure>\n<\/figure>\n\n\n\n<p>Das Vereinshaus steht grunds\u00e4tzlich auch f\u00fcr externe Nutzungen offen. Gerade in Buckow und Britz ist es damit ein seltenes Angebot f\u00fcr gemeinsames Arbeiten au\u00dferhalb klassischer Tagungsorte. Im Vordergrund steht dabei der Gedanke von <strong>Bildung, Austausch und gemeinschaftlichem Arbeiten<\/strong> an einem Ort mit besonderem Charakter.<\/p>\n\n\n\n<h2 class=\"wp-block-heading\">H\u00e4ufige Fragen zum Vereinshaus<\/h2>\n\n\n\n<details class=\"wp-block-details is-layout-flow wp-block-details-is-layout-flow\"><summary><strong>Wie gro\u00df ist der Raum und wof\u00fcr eignet er sich?<\/strong><\/summary>\n<p>Der Saal umfasst rund 100 m\u00b2 und bietet bis zu 50 Personen bequem Platz. Durch die flexible Bestuhlung eignet er sich besonders f\u00fcr Workshops, Seminare, Bildungsformate, Klausuren und Vereinstreffen.<\/p>\n<\/details>\n\n\n\n<details class=\"wp-block-details is-layout-flow wp-block-details-is-layout-flow\"><summary><strong><strong>F\u00fcr wen ist das Vereinshaus geeignet?<\/strong><\/strong><\/summary>\n<ul class=\"wp-block-list\">\n<li>Vereine und Initiativen, die einen ruhigen Ort f\u00fcr Treffen, Workshops oder Planungstage suchen<\/li>\n\n\n\n<li>Bildungstr\u00e4ger sowie Umwelt- und Nachbarschaftsprojekte<\/li>\n\n\n\n<li>Organisationen und Unternehmen, die einen naturnahen Rahmen f\u00fcr interne Veranstaltungen sch\u00e4tzen<\/li>\n<\/ul>\n<\/details>\n\n\n\n<details class=\"wp-block-details is-layout-flow wp-block-details-is-layout-flow\"><summary><strong><strong>Wie ist das Vereinshaus ausgestattet?<\/strong><\/strong><\/summary>\n<ul class=\"wp-block-list\">\n<li>Naturnahe Lage im essbaren Waldgarten mit Aufenthaltsm\u00f6glichkeiten im Gr\u00fcnen<\/li>\n\n\n\n<li>Flexibel nutzbarer Saal mit Tischen, St\u00fchlen und Stehpult<\/li>\n\n\n\n<li>Barrierefreier Zugang und Toiletten<\/li>\n\n\n\n<li>K\u00fcchenbereich mit Ofen, Sp\u00fcl- und Kaffeemaschine<\/li>\n\n\n\n<li>Gro\u00dfer Bildschirm f\u00fcr Pr\u00e4sentationen<\/li>\n\n\n\n<li>DSL-Anschluss<\/li>\n\n\n\n<li><strong>Bitte beachten:<\/strong> Auf der Fl\u00e4che stehen &#8211; au\u00dfer zur Anlieferung &#8211; keine Parkpl\u00e4tze zur Verf\u00fcgung<\/li>\n<\/ul>\n<\/details>\n\n\n\n<div data-wp-context=\"{ &quot;autoclose&quot;: false, &quot;accordionItems&quot;: [] }\" data-wp-interactive=\"core\/accordion\" role=\"group\" class=\"wp-block-accordion is-layout-flow wp-block-accordion-is-layout-flow\"><\/div>\n\n\n\n<p>Wenn Du pr\u00fcfen m\u00f6chtest, ob das Vereinshaus zu Deinem Vorhaben passt, <a href=\"https:\/\/waldgarten-britz.de\/home\/kontakt\/#Kontakt\">schreib uns gerne<\/a>.<\/p>\n\n\n","protected":false},"excerpt":{"rendered":"<p>Raum f\u00fcr Bildung, Austausch und Zusammenarbeit Unser Vereinshaus bietet einen modernen, lichtdurchfluteten Saal mitten im Gr\u00fcnen &#8211; eingebettet in den essbaren Waldgarten Berlin-Britz. Ein Ort, an dem Gruppen zusammenkommen, um zu lernen, zu diskutieren und gemeinsam zu arbeiten. Die naturnahe Umgebung unterst\u00fctzt konzentriertes Arbeiten und l\u00e4dt zugleich zu Pausen im Gr\u00fcnen ein. Das Vereinshaus steht [&hellip;]<\/p>\n","protected":false},"author":1,"featured_media":0,"parent":0,"menu_order":0,"comment_status":"closed","ping_status":"closed","template":"","meta":{"_acf_changed":false,"footnotes":""},"class_list":["post-719","page","type-page","status-publish","hentry"],"acf":[],"_links":{"self":[{"href":"https:\/\/waldgarten-britz.de\/home\/wp-json\/wp\/v2\/pages\/719","targetHints":{"allow":["GET"]}}],"collection":[{"href":"https:\/\/waldgarten-britz.de\/home\/wp-json\/wp\/v2\/pages"}],"about":[{"href":"https:\/\/waldgarten-britz.de\/home\/wp-json\/wp\/v2\/types\/page"}],"author":[{"embeddable":true,"href":"https:\/\/waldgarten-britz.de\/home\/wp-json\/wp\/v2\/users\/1"}],"replies":[{"embeddable":true,"href":"https:\/\/waldgarten-britz.de\/home\/wp-json\/wp\/v2\/comments?post=719"}],"version-history":[{"count":12,"href":"https:\/\/waldgarten-britz.de\/home\/wp-json\/wp\/v2\/pages\/719\/revisions"}],"predecessor-version":[{"id":818,"href":"https:\/\/waldgarten-britz.de\/home\/wp-json\/wp\/v2\/pages\/719\/revisions\/818"}],"wp:attachment":[{"href":"https:\/\/waldgarten-britz.de\/home\/wp-json\/wp\/v2\/media?parent=719"}],"curies":[{"name":"wp","href":"https:\/\/api.w.org\/{rel}","templated":true}]}}