{"id":81,"date":"2023-09-17T11:53:33","date_gmt":"2023-09-17T11:53:33","guid":{"rendered":"https:\/\/waldgarten-britz.de\/home\/?page_id=81"},"modified":"2025-12-18T20:37:09","modified_gmt":"2025-12-18T19:37:09","slug":"die-kleingartenparzellen","status":"publish","type":"page","link":"https:\/\/waldgarten-britz.de\/home\/die-kleingartenparzellen\/","title":{"rendered":"Die Kleingartenparzellen"},"content":{"rendered":"\n<h4 class=\"wp-block-heading\" id=\"h-einzigartiges-kleingartenkonzept\"><strong>Einzigartiges Kleingartenkonzept<\/strong><\/h4>\n\n\n\n<p>Wenn Du \u00fcber eine private Parzelle im &#8222;Waldgarten Berlin-Britz&#8220; nachdenkst, solltest Du Folgendes beachten: Wir sind kein \u00fcblicher Kleingartenverein. Alle unsere Parzellen werden nach dem &#8222;Waldgarten&#8220;-Konzept gestaltet, welches gr\u00f6\u00dfere B\u00e4ume und eine hohe soziale Einbindung erfordert. Bei uns gibt es keine Z\u00e4une zwischen den Parzellen &#8211; stattdessen teilen wir uns Cluster von G\u00e4rten und sorgen gemeinsam f\u00fcr die Gemeinschaftsfl\u00e4chen. Solltest du also vorrangig eine isolierte Scholle f\u00fcr privates Grillen und zur Rasenpflege suchen, k\u00f6nnten andere Kleingartenanlagen besser deinen Vorstellungen entsprechen.<\/p>\n\n\n\n<figure class=\"wp-block-gallery has-nested-images columns-default is-cropped wp-block-gallery-1 is-layout-flex wp-block-gallery-is-layout-flex\">\n<figure class=\"wp-block-image size-large\"><img loading=\"lazy\" decoding=\"async\" width=\"1024\" height=\"768\" data-id=\"783\" src=\"https:\/\/waldgarten-britz.de\/home\/wp-content\/uploads\/2025\/12\/Fledi_quer-1-1024x768.png\" alt=\"\" class=\"wp-image-783\" srcset=\"https:\/\/waldgarten-britz.de\/home\/wp-content\/uploads\/2025\/12\/Fledi_quer-1-1024x768.png 1024w, https:\/\/waldgarten-britz.de\/home\/wp-content\/uploads\/2025\/12\/Fledi_quer-1-300x225.png 300w, https:\/\/waldgarten-britz.de\/home\/wp-content\/uploads\/2025\/12\/Fledi_quer-1-768x576.png 768w, https:\/\/waldgarten-britz.de\/home\/wp-content\/uploads\/2025\/12\/Fledi_quer-1-1536x1152.png 1536w, https:\/\/waldgarten-britz.de\/home\/wp-content\/uploads\/2025\/12\/Fledi_quer-1-2048x1536.png 2048w\" sizes=\"auto, (max-width: 1024px) 100vw, 1024px\" \/><\/figure>\n\n\n\n<figure class=\"wp-block-image size-large\"><img loading=\"lazy\" decoding=\"async\" width=\"1024\" height=\"473\" data-id=\"781\" src=\"https:\/\/waldgarten-britz.de\/home\/wp-content\/uploads\/2025\/12\/20241129_082356-1024x473.jpg\" alt=\"\" class=\"wp-image-781\" srcset=\"https:\/\/waldgarten-britz.de\/home\/wp-content\/uploads\/2025\/12\/20241129_082356-1024x473.jpg 1024w, https:\/\/waldgarten-britz.de\/home\/wp-content\/uploads\/2025\/12\/20241129_082356-300x139.jpg 300w, https:\/\/waldgarten-britz.de\/home\/wp-content\/uploads\/2025\/12\/20241129_082356-768x355.jpg 768w, https:\/\/waldgarten-britz.de\/home\/wp-content\/uploads\/2025\/12\/20241129_082356-1536x710.jpg 1536w, https:\/\/waldgarten-britz.de\/home\/wp-content\/uploads\/2025\/12\/20241129_082356-2048x946.jpg 2048w\" sizes=\"auto, (max-width: 1024px) 100vw, 1024px\" \/><\/figure>\n\n\n\n<figure class=\"wp-block-image size-large\"><img loading=\"lazy\" decoding=\"async\" width=\"1024\" height=\"771\" data-id=\"782\" src=\"https:\/\/waldgarten-britz.de\/home\/wp-content\/uploads\/2025\/12\/23_07-6-1-1024x771.jpg\" alt=\"\" class=\"wp-image-782\" srcset=\"https:\/\/waldgarten-britz.de\/home\/wp-content\/uploads\/2025\/12\/23_07-6-1-1024x771.jpg 1024w, https:\/\/waldgarten-britz.de\/home\/wp-content\/uploads\/2025\/12\/23_07-6-1-300x226.jpg 300w, https:\/\/waldgarten-britz.de\/home\/wp-content\/uploads\/2025\/12\/23_07-6-1-768x578.jpg 768w, https:\/\/waldgarten-britz.de\/home\/wp-content\/uploads\/2025\/12\/23_07-6-1-1536x1157.jpg 1536w, https:\/\/waldgarten-britz.de\/home\/wp-content\/uploads\/2025\/12\/23_07-6-1-2048x1542.jpg 2048w\" sizes=\"auto, (max-width: 1024px) 100vw, 1024px\" \/><\/figure>\n<\/figure>\n\n\n\n<h4 class=\"wp-block-heading\" id=\"h-kosten-und-prozess-der-parzellenvergabe\"><strong>Kosten einer Parzelle<\/strong><\/h4>\n\n\n\n<p>Unsere Anlage verf\u00fcgt \u00fcber 60 Parzellen mit einer Gr\u00f6\u00dfe von 60m\u00b2 bis zu 250m\u00b2, wobei auf etwa 40 Parzellen Lauben errichtet werden k\u00f6nnen. Die Kosten einer Parzelle sollten nicht untersch\u00e4tzt werden &#8211; neben den \u00fcblichen Einrichtungs- oder \u00dcbernahmekosten m\u00fcssen initial 1-3 gr\u00f6\u00dfere B\u00e4ume gepflanzt werden, was bereits mehrere hundert Euro kosten kann. Zus\u00e4tzlich zu den Pachtkosten f\u00fcr die eigene Parzelle und die Gemeinschaftsfl\u00e4chen kommen die individuellen Verbrauchskosten sowie die Beitr\u00e4ge f\u00fcr die Vereinsmitgliedschaft und die Strom-\/Wassergemeinschaft hinzu. Die j\u00e4hrlichen Unterhaltungskosten liegen ungef\u00e4hr zwischen 600 und 900 EUR.<\/p>\n\n\n\n<h4 class=\"wp-block-heading\" id=\"h-bewerbung-auf-eine-private-parzelle\"><strong>Bewerbung auf eine private Parzelle<\/strong><\/h4>\n\n\n\n<p>Um Dich auf eine Parzelle zu bewerben, musst Du bestimmte Voraussetzungen erf\u00fcllen. Dazu geh\u00f6rt, dass Du Mitglied im Verein wirst, Dich aktiv in die Gemeinschaft einbringst und in der Regel bereits eine Saison mit uns geg\u00e4rtnert hast. Zudem musst Du an einem der regelm\u00e4\u00dfig stattfindenden Waldgarten-Einf\u00fchrungsworkshops teilnehmen und einen Antrag auf Aufnahme in die Warteliste f\u00fcr eine Parzelle stellen.<\/p>\n\n\n\n<div class=\"wp-block-columns is-layout-flex wp-container-core-columns-is-layout-28f84493 wp-block-columns-is-layout-flex\">\n<div class=\"wp-block-column is-layout-flow wp-block-column-is-layout-flow\" style=\"flex-basis:100%\">\n<div class=\"wp-block-group is-layout-constrained wp-block-group-is-layout-constrained\">\n<div style=\"height:51px\" aria-hidden=\"true\" class=\"wp-block-spacer\"><\/div>\n\n\n\n<div class=\"wp-block-columns is-layout-flex wp-container-core-columns-is-layout-28f84493 wp-block-columns-is-layout-flex\">\n<div class=\"wp-block-column is-layout-flow wp-block-column-is-layout-flow\"><\/div>\n\n\n\n<div class=\"wp-block-column is-layout-flow wp-block-column-is-layout-flow\"><\/div>\n<\/div>\n<\/div>\n<\/div>\n<\/div>\n","protected":false},"excerpt":{"rendered":"<p>Einzigartiges Kleingartenkonzept Wenn Du \u00fcber eine private Parzelle im &#8222;Waldgarten Berlin-Britz&#8220; nachdenkst, solltest Du Folgendes beachten: Wir sind kein \u00fcblicher Kleingartenverein. Alle unsere Parzellen werden nach dem &#8222;Waldgarten&#8220;-Konzept gestaltet, welches gr\u00f6\u00dfere B\u00e4ume und eine hohe soziale Einbindung erfordert. Bei uns gibt es keine Z\u00e4une zwischen den Parzellen &#8211; stattdessen teilen wir uns Cluster von G\u00e4rten [&hellip;]<\/p>\n","protected":false},"author":1,"featured_media":0,"parent":0,"menu_order":0,"comment_status":"closed","ping_status":"closed","template":"","meta":{"footnotes":""},"class_list":["post-81","page","type-page","status-publish","hentry"],"_links":{"self":[{"href":"https:\/\/waldgarten-britz.de\/home\/wp-json\/wp\/v2\/pages\/81","targetHints":{"allow":["GET"]}}],"collection":[{"href":"https:\/\/waldgarten-britz.de\/home\/wp-json\/wp\/v2\/pages"}],"about":[{"href":"https:\/\/waldgarten-britz.de\/home\/wp-json\/wp\/v2\/types\/page"}],"author":[{"embeddable":true,"href":"https:\/\/waldgarten-britz.de\/home\/wp-json\/wp\/v2\/users\/1"}],"replies":[{"embeddable":true,"href":"https:\/\/waldgarten-britz.de\/home\/wp-json\/wp\/v2\/comments?post=81"}],"version-history":[{"count":15,"href":"https:\/\/waldgarten-britz.de\/home\/wp-json\/wp\/v2\/pages\/81\/revisions"}],"predecessor-version":[{"id":785,"href":"https:\/\/waldgarten-britz.de\/home\/wp-json\/wp\/v2\/pages\/81\/revisions\/785"}],"wp:attachment":[{"href":"https:\/\/waldgarten-britz.de\/home\/wp-json\/wp\/v2\/media?parent=81"}],"curies":[{"name":"wp","href":"https:\/\/api.w.org\/{rel}","templated":true}]}}